{"id":25,"date":"2010-11-18T08:34:02","date_gmt":"2010-11-18T08:34:02","guid":{"rendered":"http:\/\/www.blaservpd.ch\/blog\/?page_id=25"},"modified":"2010-11-18T15:50:51","modified_gmt":"2010-11-18T15:50:51","slug":"projektierungen","status":"publish","type":"page","link":"https:\/\/www.blaservpd.ch\/blog\/angebot\/projektierungen\/","title":{"rendered":"Projektierungen"},"content":{"rendered":"<p>Wir planen nach Ihren Vorstellungen und Ideen. Wir zeichnen Ihre Idee auf 3D-Software und setzten es vom Plan in die Realit\u00e4t um. Ausma\u00df, Baueingaben, Abkl\u00e4rungen mit Beh\u00f6rden, Koordination mit Handwerkern und Zusammenarbeit mit anderen Unternehmen. Durch die Effizienz und Schnelligkeit sparen Sie Kosten und Zeit.<\/p>\n","protected":false},"excerpt":{"rendered":"<p>Wir planen nach Ihren Vorstellungen und Ideen. Wir zeichnen Ihre Idee auf 3D-Software und setzten es vom Plan in die Realit\u00e4t um. Ausma\u00df, Baueingaben, Abkl\u00e4rungen mit Beh\u00f6rden, Koordination mit Handwerkern und Zusammenarbeit mit anderen Unternehmen. Durch die Effizienz und Schnelligkeit sparen Sie Kosten und Zeit.<\/p>\n","protected":false},"author":1,"featured_media":0,"parent":17,"menu_order":0,"comment_status":"closed","ping_status":"closed","template":"","meta":{"ngg_post_thumbnail":0,"footnotes":""},"aioseo_notices":[],"_links":{"self":[{"href":"https:\/\/www.blaservpd.ch\/blog\/wp-json\/wp\/v2\/pages\/25"}],"collection":[{"href":"https:\/\/www.blaservpd.ch\/blog\/wp-json\/wp\/v2\/pages"}],"about":[{"href":"https:\/\/www.blaservpd.ch\/blog\/wp-json\/wp\/v2\/types\/page"}],"author":[{"embeddable":true,"href":"https:\/\/www.blaservpd.ch\/blog\/wp-json\/wp\/v2\/users\/1"}],"replies":[{"embeddable":true,"href":"https:\/\/www.blaservpd.ch\/blog\/wp-json\/wp\/v2\/comments?post=25"}],"version-history":[{"count":2,"href":"https:\/\/www.blaservpd.ch\/blog\/wp-json\/wp\/v2\/pages\/25\/revisions"}],"predecessor-version":[{"id":72,"href":"https:\/\/www.blaservpd.ch\/blog\/wp-json\/wp\/v2\/pages\/25\/revisions\/72"}],"up":[{"embeddable":true,"href":"https:\/\/www.blaservpd.ch\/blog\/wp-json\/wp\/v2\/pages\/17"}],"wp:attachment":[{"href":"https:\/\/www.blaservpd.ch\/blog\/wp-json\/wp\/v2\/media?parent=25"}],"curies":[{"name":"wp","href":"https:\/\/api.w.org\/{rel}","templated":true}]}}