{"id":23,"date":"2010-11-18T08:32:24","date_gmt":"2010-11-18T08:32:24","guid":{"rendered":"http:\/\/www.blaservpd.ch\/blog\/?page_id=23"},"modified":"2011-05-20T07:52:29","modified_gmt":"2011-05-20T07:52:29","slug":"verkauf","status":"publish","type":"page","link":"https:\/\/www.blaservpd.ch\/blog\/angebot\/verkauf\/","title":{"rendered":"Verkauf"},"content":{"rendered":"<table>\n<tbody>\n<tr>\n<td style=\"text-align: left;\"><strong>Blechbau:<\/strong><\/td>\n<td style=\"text-align: left;\">Blechkonstruktionen, Verkleidungen, Laserteile und Pressprofile bis 6 m,Konstruktionen f\u00fcr Maschinen<\/td>\n<\/tr>\n<tr>\n<td style=\"text-align: left;\"><strong>Metallbau:<\/strong><\/td>\n<td style=\"text-align: left;\">Vord\u00e4cher, Treppen, Gel\u00e4nder, Einrichtungsgegenst\u00e4nde<\/td>\n<\/tr>\n<tr>\n<td style=\"text-align: left;\"><strong>Glasbau:<\/strong><\/td>\n<td style=\"text-align: left;\">Verglasungen, Ganzglasgel\u00e4nder, Wetterschutzverglasungen<\/td>\n<\/tr>\n<tr>\n<td><strong>Normbauteile:<\/strong><\/td>\n<td style=\"text-align: left;\">Briefk\u00e4sten, T\u00fcren und Tore<\/td>\n<\/tr>\n<\/tbody>\n<\/table>\n","protected":false},"excerpt":{"rendered":"<p>Blechbau: Blechkonstruktionen, Verkleidungen, Laserteile und Pressprofile bis 6 m,Konstruktionen f\u00fcr Maschinen Metallbau: Vord\u00e4cher, Treppen, Gel\u00e4nder, Einrichtungsgegenst\u00e4nde Glasbau: Verglasungen, Ganzglasgel\u00e4nder, Wetterschutzverglasungen Normbauteile: Briefk\u00e4sten, T\u00fcren und Tore<\/p>\n","protected":false},"author":1,"featured_media":0,"parent":17,"menu_order":0,"comment_status":"closed","ping_status":"closed","template":"","meta":{"ngg_post_thumbnail":0,"footnotes":""},"aioseo_notices":[],"_links":{"self":[{"href":"https:\/\/www.blaservpd.ch\/blog\/wp-json\/wp\/v2\/pages\/23"}],"collection":[{"href":"https:\/\/www.blaservpd.ch\/blog\/wp-json\/wp\/v2\/pages"}],"about":[{"href":"https:\/\/www.blaservpd.ch\/blog\/wp-json\/wp\/v2\/types\/page"}],"author":[{"embeddable":true,"href":"https:\/\/www.blaservpd.ch\/blog\/wp-json\/wp\/v2\/users\/1"}],"replies":[{"embeddable":true,"href":"https:\/\/www.blaservpd.ch\/blog\/wp-json\/wp\/v2\/comments?post=23"}],"version-history":[{"count":11,"href":"https:\/\/www.blaservpd.ch\/blog\/wp-json\/wp\/v2\/pages\/23\/revisions"}],"predecessor-version":[{"id":77,"href":"https:\/\/www.blaservpd.ch\/blog\/wp-json\/wp\/v2\/pages\/23\/revisions\/77"}],"up":[{"embeddable":true,"href":"https:\/\/www.blaservpd.ch\/blog\/wp-json\/wp\/v2\/pages\/17"}],"wp:attachment":[{"href":"https:\/\/www.blaservpd.ch\/blog\/wp-json\/wp\/v2\/media?parent=23"}],"curies":[{"name":"wp","href":"https:\/\/api.w.org\/{rel}","templated":true}]}}