{"id":17,"date":"2010-11-18T08:20:55","date_gmt":"2010-11-18T08:20:55","guid":{"rendered":"http:\/\/www.blaservpd.ch\/blog\/?page_id=17"},"modified":"2010-11-25T16:49:27","modified_gmt":"2010-11-25T16:49:27","slug":"angebot","status":"publish","type":"page","link":"https:\/\/www.blaservpd.ch\/blog\/angebot\/","title":{"rendered":"Angebot"},"content":{"rendered":"<p>Wir begleiten private Bauherren und Unternehmungen durch ihr Bauvorhaben oder ihr Projekt. Von der Vorabkl\u00e4rung bis zur Ausf\u00fchrung, alles aus einer Hand.<\/p>\n<p>Wir k\u00f6nnen f\u00fcr Sie aber auch nur die Planung oder ein Teil-Projekt \u00fcbernehmen. Ganz nach Ihren W\u00fcnschen.<\/p>\n<p>Verkauf, Projektierung und technische Dienstleistungen. W\u00e4hlen Sie aus unseren drei Modulen aus.<\/p>\n<table>\n<tbody>\n<tr>\n<td><a href=\"http:\/\/www.blaservpd.ch\/blog\/?page_id=23\"><img loading=\"lazy\" decoding=\"async\" class=\"alignleft size-thumbnail wp-image-205\" title=\"D68BD190\" src=\"http:\/\/www.blaservpd.ch\/blog\/wp-content\/uploads\/2010\/11\/D68BD190-150x150.jpg\" alt=\"\" width=\"150\" height=\"150\" \/><br \/>\nVerkauf<\/a><\/td>\n<td><a href=\"http:\/\/www.blaservpd.ch\/blog\/?page_id=25\"><img loading=\"lazy\" decoding=\"async\" class=\"alignleft size-thumbnail wp-image-146\" title=\"treppe\" src=\"http:\/\/www.blaservpd.ch\/blog\/wp-content\/uploads\/2010\/11\/treppe1-150x150.jpg\" alt=\"\" width=\"150\" height=\"150\" \/><br \/>\nProjektierungen<\/a><\/td>\n<td><a title=\"Innenausbau9\" href=\"http:\/\/www.blaservpd.ch\/blog\/?page_id=27&gt;&lt;img class=\"><img loading=\"lazy\" decoding=\"async\" class=\"alignleft size-thumbnail wp-image-147\" title=\"Innenausbau9\" src=\"http:\/\/www.blaservpd.ch\/blog\/wp-content\/uploads\/2010\/11\/Innenausbau9-150x150.jpg\" alt=\"\" width=\"150\" height=\"150\" \/><br \/>\nTechnische Dienstleistungen<\/a><\/td>\n<\/tr>\n<\/tbody>\n<\/table>\n","protected":false},"excerpt":{"rendered":"<p>Wir begleiten private Bauherren und Unternehmungen durch ihr Bauvorhaben oder ihr Projekt. Von der Vorabkl\u00e4rung bis zur Ausf\u00fchrung, alles aus einer Hand. Wir k\u00f6nnen f\u00fcr Sie aber auch nur die Planung oder ein Teil-Projekt \u00fcbernehmen. Ganz nach Ihren W\u00fcnschen. Verkauf, Projektierung und technische Dienstleistungen. W\u00e4hlen Sie aus unseren drei Modulen aus. Verkauf Projektierungen Technische Dienstleistungen<\/p>\n","protected":false},"author":1,"featured_media":0,"parent":0,"menu_order":0,"comment_status":"closed","ping_status":"closed","template":"","meta":{"ngg_post_thumbnail":0,"footnotes":""},"aioseo_notices":[],"_links":{"self":[{"href":"https:\/\/www.blaservpd.ch\/blog\/wp-json\/wp\/v2\/pages\/17"}],"collection":[{"href":"https:\/\/www.blaservpd.ch\/blog\/wp-json\/wp\/v2\/pages"}],"about":[{"href":"https:\/\/www.blaservpd.ch\/blog\/wp-json\/wp\/v2\/types\/page"}],"author":[{"embeddable":true,"href":"https:\/\/www.blaservpd.ch\/blog\/wp-json\/wp\/v2\/users\/1"}],"replies":[{"embeddable":true,"href":"https:\/\/www.blaservpd.ch\/blog\/wp-json\/wp\/v2\/comments?post=17"}],"version-history":[{"count":30,"href":"https:\/\/www.blaservpd.ch\/blog\/wp-json\/wp\/v2\/pages\/17\/revisions"}],"predecessor-version":[{"id":19,"href":"https:\/\/www.blaservpd.ch\/blog\/wp-json\/wp\/v2\/pages\/17\/revisions\/19"}],"wp:attachment":[{"href":"https:\/\/www.blaservpd.ch\/blog\/wp-json\/wp\/v2\/media?parent=17"}],"curies":[{"name":"wp","href":"https:\/\/api.w.org\/{rel}","templated":true}]}}